{"id":925,"date":"2023-08-02T20:32:51","date_gmt":"2023-08-02T18:32:51","guid":{"rendered":"https:\/\/www.jakobhauer.at\/blog\/?page_id=925"},"modified":"2026-01-24T18:58:32","modified_gmt":"2026-01-24T17:58:32","slug":"items","status":"publish","type":"page","link":"https:\/\/www.jakobhauer.at\/blog\/items\/","title":{"rendered":"Tools &amp; Templates"},"content":{"rendered":"\n<p>Kleine aber feine Sammlung voller n\u00fctzlicher Tools und Vorlagen um eure Produktivit\u00e4t zu steigern. Viel Spa\u00df damit \ud83d\ude42<\/p>\n\n\n\n<h4 class=\"wp-block-heading\">n8n Workflow f\u00fcr t\u00e4gliche Newszusammenfassung<\/h4>\n\n\n\n<div class=\"wp-block-file\"><a id=\"wp-block-file--media-529004b2-4f32-443c-ac1a-1815659b8454\" href=\"https:\/\/www.jakobhauer.at\/blog\/wp-content\/uploads\/2026\/01\/RSS_Newsfeed.zip\">RSS_Newsfeed<\/a><a href=\"https:\/\/www.jakobhauer.at\/blog\/wp-content\/uploads\/2026\/01\/RSS_Newsfeed.zip\" class=\"wp-block-file__button wp-element-button\" download aria-describedby=\"wp-block-file--media-529004b2-4f32-443c-ac1a-1815659b8454\">Herunterladen<\/a><\/div>\n\n\n\n<hr class=\"wp-block-separator has-alpha-channel-opacity\"\/>\n\n\n\n<h4 class=\"wp-block-heading\">Produktive Prompts f\u00fcr ChatGPT<\/h4>\n\n\n\n<div class=\"wp-block-file\"><a id=\"wp-block-file--media-c00104f2-4267-4896-853b-878d13a7d198\" href=\"https:\/\/www.jakobhauer.at\/blog\/wp-content\/uploads\/2024\/02\/prompts.pdf\">prompts PDF<\/a><a href=\"https:\/\/www.jakobhauer.at\/blog\/wp-content\/uploads\/2024\/02\/prompts.pdf\" class=\"wp-block-file__button wp-element-button\" download aria-describedby=\"wp-block-file--media-c00104f2-4267-4896-853b-878d13a7d198\"> Herunterladen<\/a><\/div>\n\n\n\n<hr class=\"wp-block-separator has-alpha-channel-opacity\"\/>\n\n\n\n<h4 class=\"wp-block-heading\">Remarkable Templates<\/h4>\n\n\n\n<div class=\"wp-block-file\"><a id=\"wp-block-file--media-2f735694-5420-4bd4-9145-581db03177b4\" href=\"https:\/\/www.jakobhauer.at\/blog\/wp-content\/uploads\/2022\/02\/Wochenplaner.zip\">Wochenplaner (Remarkable 2)<\/a><a href=\"https:\/\/www.jakobhauer.at\/blog\/wp-content\/uploads\/2022\/02\/Wochenplaner.zip\" class=\"wp-block-file__button wp-element-button\" download aria-describedby=\"wp-block-file--media-2f735694-5420-4bd4-9145-581db03177b4\">Herunterladen<\/a><\/div>\n\n\n\n<hr class=\"wp-block-separator has-alpha-channel-opacity\"\/>\n\n\n\n<h4 class=\"wp-block-heading\">Notion Template<\/h4>\n\n\n\n<figure class=\"wp-block-image size-large\"><img loading=\"lazy\" decoding=\"async\" width=\"1024\" height=\"370\" src=\"https:\/\/www.jakobhauer.at\/blog\/wp-content\/uploads\/2023\/08\/notion-template-1024x370.png\" alt=\"\" class=\"wp-image-930\" srcset=\"https:\/\/www.jakobhauer.at\/blog\/wp-content\/uploads\/2023\/08\/notion-template-1024x370.png 1024w, https:\/\/www.jakobhauer.at\/blog\/wp-content\/uploads\/2023\/08\/notion-template-300x108.png 300w, https:\/\/www.jakobhauer.at\/blog\/wp-content\/uploads\/2023\/08\/notion-template-768x277.png 768w, https:\/\/www.jakobhauer.at\/blog\/wp-content\/uploads\/2023\/08\/notion-template-1536x555.png 1536w, https:\/\/www.jakobhauer.at\/blog\/wp-content\/uploads\/2023\/08\/notion-template.png 1797w\" sizes=\"auto, (max-width: 1024px) 100vw, 1024px\" \/><\/figure>\n\n\n\n<p><a href=\"https:\/\/jakobhauer.notion.site\/Projektplanung-Vorlage-0c5a9d9b58da40b189c34803d0d4ff37?pvs=4\" data-type=\"URL\" data-id=\"https:\/\/jakobhauer.notion.site\/Projektplanung-Vorlage-0c5a9d9b58da40b189c34803d0d4ff37?pvs=4\" target=\"_blank\" rel=\"noreferrer noopener\">Notion Projektplanung Template<\/a><\/p>\n","protected":false},"excerpt":{"rendered":"<p>Kleine aber feine Sammlung voller n\u00fctzlicher Tools und Vorlagen um eure Produktivit\u00e4t zu steigern. Viel Spa\u00df damit \ud83d\ude42 n8n Workflow f\u00fcr t\u00e4gliche Newszusammenfassung Produktive Prompts f\u00fcr ChatGPT Remarkable Templates Notion Template Notion Projektplanung Template<\/p>\n","protected":false},"author":1,"featured_media":0,"parent":0,"menu_order":0,"comment_status":"closed","ping_status":"closed","template":"","meta":{"pgc_sgb_lightbox_settings":"","footnotes":""},"class_list":["post-925","page","type-page","status-publish","hentry"],"yoast_head":"<!-- This site is optimized with the Yoast SEO plugin v25.5 - https:\/\/yoast.com\/wordpress\/plugins\/seo\/ -->\n<title>Tools &amp; Templates - Blog - Jakob Hauer<\/title>\n<meta name=\"robots\" content=\"noindex, follow\" \/>\n<meta property=\"og:locale\" content=\"de_DE\" \/>\n<meta property=\"og:type\" content=\"article\" \/>\n<meta property=\"og:title\" content=\"Tools &amp; Templates - Blog - Jakob Hauer\" \/>\n<meta property=\"og:description\" content=\"Kleine aber feine Sammlung voller n\u00fctzlicher Tools und Vorlagen um eure Produktivit\u00e4t zu steigern. Viel Spa\u00df damit \ud83d\ude42 n8n Workflow f\u00fcr t\u00e4gliche Newszusammenfassung Produktive Prompts f\u00fcr ChatGPT Remarkable Templates Notion Template Notion Projektplanung Template\" \/>\n<meta property=\"og:url\" content=\"https:\/\/www.jakobhauer.at\/blog\/items\/\" \/>\n<meta property=\"og:site_name\" content=\"Blog - Jakob Hauer\" \/>\n<meta property=\"article:publisher\" content=\"https:\/\/www.facebook.com\/jakobhaui\/\" \/>\n<meta property=\"article:modified_time\" content=\"2026-01-24T17:58:32+00:00\" \/>\n<meta property=\"og:image\" content=\"https:\/\/www.jakobhauer.at\/blog\/wp-content\/uploads\/2023\/08\/notion-template.png\" \/>\n\t<meta property=\"og:image:width\" content=\"1797\" \/>\n\t<meta property=\"og:image:height\" content=\"649\" \/>\n\t<meta property=\"og:image:type\" content=\"image\/png\" \/>\n<meta name=\"twitter:card\" content=\"summary_large_image\" \/>\n<meta name=\"twitter:site\" content=\"@jakobhaui\" \/>\n<script type=\"application\/ld+json\" class=\"yoast-schema-graph\">{\"@context\":\"https:\/\/schema.org\",\"@graph\":[{\"@type\":\"WebPage\",\"@id\":\"https:\/\/www.jakobhauer.at\/blog\/items\/\",\"url\":\"https:\/\/www.jakobhauer.at\/blog\/items\/\",\"name\":\"Tools &amp; Templates - Blog - Jakob Hauer\",\"isPartOf\":{\"@id\":\"https:\/\/www.jakobhauer.at\/blog\/#website\"},\"primaryImageOfPage\":{\"@id\":\"https:\/\/www.jakobhauer.at\/blog\/items\/#primaryimage\"},\"image\":{\"@id\":\"https:\/\/www.jakobhauer.at\/blog\/items\/#primaryimage\"},\"thumbnailUrl\":\"https:\/\/www.jakobhauer.at\/blog\/wp-content\/uploads\/2023\/08\/notion-template-1024x370.png\",\"datePublished\":\"2023-08-02T18:32:51+00:00\",\"dateModified\":\"2026-01-24T17:58:32+00:00\",\"breadcrumb\":{\"@id\":\"https:\/\/www.jakobhauer.at\/blog\/items\/#breadcrumb\"},\"inLanguage\":\"de\",\"potentialAction\":[{\"@type\":\"ReadAction\",\"target\":[\"https:\/\/www.jakobhauer.at\/blog\/items\/\"]}]},{\"@type\":\"ImageObject\",\"inLanguage\":\"de\",\"@id\":\"https:\/\/www.jakobhauer.at\/blog\/items\/#primaryimage\",\"url\":\"https:\/\/www.jakobhauer.at\/blog\/wp-content\/uploads\/2023\/08\/notion-template.png\",\"contentUrl\":\"https:\/\/www.jakobhauer.at\/blog\/wp-content\/uploads\/2023\/08\/notion-template.png\",\"width\":1797,\"height\":649},{\"@type\":\"BreadcrumbList\",\"@id\":\"https:\/\/www.jakobhauer.at\/blog\/items\/#breadcrumb\",\"itemListElement\":[{\"@type\":\"ListItem\",\"position\":1,\"name\":\"Startseite\",\"item\":\"https:\/\/www.jakobhauer.at\/blog\/\"},{\"@type\":\"ListItem\",\"position\":2,\"name\":\"Tools &amp; Templates\"}]},{\"@type\":\"WebSite\",\"@id\":\"https:\/\/www.jakobhauer.at\/blog\/#website\",\"url\":\"https:\/\/www.jakobhauer.at\/blog\/\",\"name\":\"Blog - Jakob Hauer\",\"description\":\"\",\"publisher\":{\"@id\":\"https:\/\/www.jakobhauer.at\/blog\/#\/schema\/person\/43457be2279c0f08ec6e7991e23d72af\"},\"alternateName\":\"A Blog by Jakob Hauer\",\"potentialAction\":[{\"@type\":\"SearchAction\",\"target\":{\"@type\":\"EntryPoint\",\"urlTemplate\":\"https:\/\/www.jakobhauer.at\/blog\/?s={search_term_string}\"},\"query-input\":{\"@type\":\"PropertyValueSpecification\",\"valueRequired\":true,\"valueName\":\"search_term_string\"}}],\"inLanguage\":\"de\"},{\"@type\":[\"Person\",\"Organization\"],\"@id\":\"https:\/\/www.jakobhauer.at\/blog\/#\/schema\/person\/43457be2279c0f08ec6e7991e23d72af\",\"name\":\"Jakob Hauer\",\"image\":{\"@type\":\"ImageObject\",\"inLanguage\":\"de\",\"@id\":\"https:\/\/www.jakobhauer.at\/blog\/#\/schema\/person\/image\/\",\"url\":\"https:\/\/www.jakobhauer.at\/blog\/wp-content\/uploads\/2025\/07\/logo-jh-2025-Kopie.png\",\"contentUrl\":\"https:\/\/www.jakobhauer.at\/blog\/wp-content\/uploads\/2025\/07\/logo-jh-2025-Kopie.png\",\"width\":1024,\"height\":1024,\"caption\":\"Jakob Hauer\"},\"logo\":{\"@id\":\"https:\/\/www.jakobhauer.at\/blog\/#\/schema\/person\/image\/\"},\"sameAs\":[\"https:\/\/www.facebook.com\/jakobhaui\/\",\"https:\/\/www.instagram.com\/jakobhaui\/\",\"https:\/\/www.linkedin.com\/in\/jakob-hauer-8724a5130\/\",\"https:\/\/pin.it\/7MXk4uZ\",\"https:\/\/x.com\/https:\/\/twitter.com\/jakobhaui\"]}]}<\/script>\n<!-- \/ Yoast SEO plugin. -->","yoast_head_json":{"title":"Tools &amp; Templates - Blog - Jakob Hauer","robots":{"index":"noindex","follow":"follow"},"og_locale":"de_DE","og_type":"article","og_title":"Tools &amp; Templates - Blog - Jakob Hauer","og_description":"Kleine aber feine Sammlung voller n\u00fctzlicher Tools und Vorlagen um eure Produktivit\u00e4t zu steigern. Viel Spa\u00df damit \ud83d\ude42 n8n Workflow f\u00fcr t\u00e4gliche Newszusammenfassung Produktive Prompts f\u00fcr ChatGPT Remarkable Templates Notion Template Notion Projektplanung Template","og_url":"https:\/\/www.jakobhauer.at\/blog\/items\/","og_site_name":"Blog - Jakob Hauer","article_publisher":"https:\/\/www.facebook.com\/jakobhaui\/","article_modified_time":"2026-01-24T17:58:32+00:00","og_image":[{"width":1797,"height":649,"url":"https:\/\/www.jakobhauer.at\/blog\/wp-content\/uploads\/2023\/08\/notion-template.png","type":"image\/png"}],"twitter_card":"summary_large_image","twitter_site":"@jakobhaui","schema":{"@context":"https:\/\/schema.org","@graph":[{"@type":"WebPage","@id":"https:\/\/www.jakobhauer.at\/blog\/items\/","url":"https:\/\/www.jakobhauer.at\/blog\/items\/","name":"Tools &amp; Templates - Blog - Jakob Hauer","isPartOf":{"@id":"https:\/\/www.jakobhauer.at\/blog\/#website"},"primaryImageOfPage":{"@id":"https:\/\/www.jakobhauer.at\/blog\/items\/#primaryimage"},"image":{"@id":"https:\/\/www.jakobhauer.at\/blog\/items\/#primaryimage"},"thumbnailUrl":"https:\/\/www.jakobhauer.at\/blog\/wp-content\/uploads\/2023\/08\/notion-template-1024x370.png","datePublished":"2023-08-02T18:32:51+00:00","dateModified":"2026-01-24T17:58:32+00:00","breadcrumb":{"@id":"https:\/\/www.jakobhauer.at\/blog\/items\/#breadcrumb"},"inLanguage":"de","potentialAction":[{"@type":"ReadAction","target":["https:\/\/www.jakobhauer.at\/blog\/items\/"]}]},{"@type":"ImageObject","inLanguage":"de","@id":"https:\/\/www.jakobhauer.at\/blog\/items\/#primaryimage","url":"https:\/\/www.jakobhauer.at\/blog\/wp-content\/uploads\/2023\/08\/notion-template.png","contentUrl":"https:\/\/www.jakobhauer.at\/blog\/wp-content\/uploads\/2023\/08\/notion-template.png","width":1797,"height":649},{"@type":"BreadcrumbList","@id":"https:\/\/www.jakobhauer.at\/blog\/items\/#breadcrumb","itemListElement":[{"@type":"ListItem","position":1,"name":"Startseite","item":"https:\/\/www.jakobhauer.at\/blog\/"},{"@type":"ListItem","position":2,"name":"Tools &amp; Templates"}]},{"@type":"WebSite","@id":"https:\/\/www.jakobhauer.at\/blog\/#website","url":"https:\/\/www.jakobhauer.at\/blog\/","name":"Blog - Jakob Hauer","description":"","publisher":{"@id":"https:\/\/www.jakobhauer.at\/blog\/#\/schema\/person\/43457be2279c0f08ec6e7991e23d72af"},"alternateName":"A Blog by Jakob Hauer","potentialAction":[{"@type":"SearchAction","target":{"@type":"EntryPoint","urlTemplate":"https:\/\/www.jakobhauer.at\/blog\/?s={search_term_string}"},"query-input":{"@type":"PropertyValueSpecification","valueRequired":true,"valueName":"search_term_string"}}],"inLanguage":"de"},{"@type":["Person","Organization"],"@id":"https:\/\/www.jakobhauer.at\/blog\/#\/schema\/person\/43457be2279c0f08ec6e7991e23d72af","name":"Jakob Hauer","image":{"@type":"ImageObject","inLanguage":"de","@id":"https:\/\/www.jakobhauer.at\/blog\/#\/schema\/person\/image\/","url":"https:\/\/www.jakobhauer.at\/blog\/wp-content\/uploads\/2025\/07\/logo-jh-2025-Kopie.png","contentUrl":"https:\/\/www.jakobhauer.at\/blog\/wp-content\/uploads\/2025\/07\/logo-jh-2025-Kopie.png","width":1024,"height":1024,"caption":"Jakob Hauer"},"logo":{"@id":"https:\/\/www.jakobhauer.at\/blog\/#\/schema\/person\/image\/"},"sameAs":["https:\/\/www.facebook.com\/jakobhaui\/","https:\/\/www.instagram.com\/jakobhaui\/","https:\/\/www.linkedin.com\/in\/jakob-hauer-8724a5130\/","https:\/\/pin.it\/7MXk4uZ","https:\/\/x.com\/https:\/\/twitter.com\/jakobhaui"]}]}},"_links":{"self":[{"href":"https:\/\/www.jakobhauer.at\/blog\/wp-json\/wp\/v2\/pages\/925","targetHints":{"allow":["GET"]}}],"collection":[{"href":"https:\/\/www.jakobhauer.at\/blog\/wp-json\/wp\/v2\/pages"}],"about":[{"href":"https:\/\/www.jakobhauer.at\/blog\/wp-json\/wp\/v2\/types\/page"}],"author":[{"embeddable":true,"href":"https:\/\/www.jakobhauer.at\/blog\/wp-json\/wp\/v2\/users\/1"}],"replies":[{"embeddable":true,"href":"https:\/\/www.jakobhauer.at\/blog\/wp-json\/wp\/v2\/comments?post=925"}],"version-history":[{"count":11,"href":"https:\/\/www.jakobhauer.at\/blog\/wp-json\/wp\/v2\/pages\/925\/revisions"}],"predecessor-version":[{"id":1458,"href":"https:\/\/www.jakobhauer.at\/blog\/wp-json\/wp\/v2\/pages\/925\/revisions\/1458"}],"wp:attachment":[{"href":"https:\/\/www.jakobhauer.at\/blog\/wp-json\/wp\/v2\/media?parent=925"}],"curies":[{"name":"wp","href":"https:\/\/api.w.org\/{rel}","templated":true}]}}